{"id":229815,"date":"2021-07-07T10:12:37","date_gmt":"2021-07-07T08:12:37","guid":{"rendered":"http:\/\/echoclinique.fr\/?page_id=229815"},"modified":"2024-01-22T15:06:25","modified_gmt":"2024-01-22T14:06:25","slug":"exposition","status":"publish","type":"page","link":"https:\/\/echoclinique.fr\/index.php\/exposition\/","title":{"rendered":"EXPOSITION"},"content":{"rendered":"<p>[et_pb_section fb_built=&#8221;1&#8243; _builder_version=&#8221;4.16&#8243; _module_preset=&#8221;default&#8221; custom_padding=&#8221;||24px|||&#8221; global_colors_info=&#8221;{}&#8221;][et_pb_row _builder_version=&#8221;4.16&#8243; _module_preset=&#8221;default&#8221; global_colors_info=&#8221;{}&#8221;][et_pb_column type=&#8221;4_4&#8243; _builder_version=&#8221;4.16&#8243; _module_preset=&#8221;default&#8221; global_colors_info=&#8221;{}&#8221;][dsm_text_divider header=&#8221;Zone d&#8217;exposition&#8221; _builder_version=&#8221;4.16&#8243; _module_preset=&#8221;default&#8221; header_level=&#8221;h1&#8243; global_colors_info=&#8221;{}&#8221;][\/dsm_text_divider][\/et_pb_column][\/et_pb_row][\/et_pb_section][et_pb_section fb_built=&#8221;1&#8243; _builder_version=&#8221;4.16&#8243; _module_preset=&#8221;default&#8221; custom_padding=&#8221;6px|||||&#8221; global_colors_info=&#8221;{}&#8221;][et_pb_row _builder_version=&#8221;4.16&#8243; _module_preset=&#8221;default&#8221; global_colors_info=&#8221;{}&#8221;][et_pb_column type=&#8221;4_4&#8243; _builder_version=&#8221;4.16&#8243; _module_preset=&#8221;default&#8221; global_colors_info=&#8221;{}&#8221;][et_pb_text _builder_version=&#8221;4.20.1&#8243; _module_preset=&#8221;default&#8221; text_font_size=&#8221;16px&#8221; text_line_height=&#8221;2em&#8221; global_colors_info=&#8221;{}&#8221;]<\/p>\n<p>Le plan de la zone d&#8217;exposition sera r\u00e9guli\u00e8rement mis \u00e0 jour pour vous indiquer les emplacements des diff\u00e9rents exposants et les d\u00e9tails de ce qu&#8217;ils proposeront sur leurs stands.<\/p>\n<p>[\/et_pb_text][\/et_pb_column][\/et_pb_row][et_pb_row _builder_version=&#8221;4.16&#8243; _module_preset=&#8221;default&#8221; global_colors_info=&#8221;{}&#8221;][et_pb_column type=&#8221;4_4&#8243; _builder_version=&#8221;4.16&#8243; _module_preset=&#8221;default&#8221; global_colors_info=&#8221;{}&#8221;][et_pb_image src=&#8221;https:\/\/echoclinique.fr\/wp-content\/uploads\/2024\/01\/ec2024-exposition-plan-220124-2.jpg&#8221; alt=&#8221;Plan de la zone expo du congr\u00e8s \u00e9choclinique 2024&#8243; title_text=&#8221;ec2024-exposition-plan-220124-2&#8243; _builder_version=&#8221;4.20.1&#8243; _module_preset=&#8221;default&#8221; hover_enabled=&#8221;0&#8243; global_colors_info=&#8221;{}&#8221; sticky_enabled=&#8221;0&#8243;][\/et_pb_image][\/et_pb_column][\/et_pb_row][et_pb_row disabled_on=&#8221;on|on|on&#8221; _builder_version=&#8221;4.20.1&#8243; _module_preset=&#8221;default&#8221; disabled=&#8221;on&#8221; global_colors_info=&#8221;{}&#8221;][et_pb_column type=&#8221;4_4&#8243; _builder_version=&#8221;4.16&#8243; _module_preset=&#8221;default&#8221; global_colors_info=&#8221;{}&#8221;][dsm_card_carousel _builder_version=&#8221;4.16&#8243; _module_preset=&#8221;default&#8221; global_colors_info=&#8221;{}&#8221;][dsm_card_carousel_child title=&#8221;GE Healthcare&#8221; image=&#8221;https:\/\/echoclinique.fr\/wp-content\/uploads\/2021\/11\/logo-GE-Healthcare.jpg&#8221; image_background_size=&#8221;contain&#8221; button_url_new_window=&#8221;1&#8243; _builder_version=&#8221;4.16&#8243; _module_preset=&#8221;default&#8221; global_colors_info=&#8221;{}&#8221; parent_button=&#8221;off&#8221;]<\/p>\n<p><a href=\"https:\/\/www.gehealthcare.fr\" target=\"_blank\" rel=\"noopener\">GE Healthcare<\/a> sera pr\u00e9sent dans la zone exposition<\/p>\n<p>[\/dsm_card_carousel_child][dsm_card_carousel_child title=&#8221;Canon MEDICAL&#8221; image=&#8221;https:\/\/echoclinique.fr\/wp-content\/uploads\/2021\/11\/logo-canon-copie.png&#8221; image_background_size=&#8221;contain&#8221; button_url_new_window=&#8221;1&#8243; _builder_version=&#8221;4.16&#8243; _module_preset=&#8221;default&#8221; global_colors_info=&#8221;{}&#8221; parent_button=&#8221;off&#8221;]<\/p>\n<p><a href=\"https:\/\/fr.medical.canon\/\" target=\"_blank\" rel=\"noopener\">Canon MEDICAL<\/a> sera pr\u00e9sent dans la zone exposition<\/p>\n<p>[\/dsm_card_carousel_child][dsm_card_carousel_child title=&#8221;Butterfly&#8221; image=&#8221;https:\/\/echoclinique.fr\/wp-content\/uploads\/2021\/11\/logo-butterfly-1.png&#8221; button_url_new_window=&#8221;1&#8243; _builder_version=&#8221;4.16&#8243; _module_preset=&#8221;default&#8221; global_colors_info=&#8221;{}&#8221; parent_button=&#8221;off&#8221;]<\/p>\n<p><a href=\"https:\/\/www.butterflynetwork.com\/fr\/\" target=\"_blank\" rel=\"noopener\">Butterfly<\/a> sera pr\u00e9sent dans la zone exposition<\/p>\n<p>[\/dsm_card_carousel_child][dsm_card_carousel_child title=&#8221;Samsung Healthcare&#8221; image=&#8221;https:\/\/echoclinique.fr\/wp-content\/uploads\/2021\/11\/logo-samsung-copie.png&#8221; image_background_size=&#8221;contain&#8221; button_url_new_window=&#8221;1&#8243; _builder_version=&#8221;4.16&#8243; _module_preset=&#8221;default&#8221; global_colors_info=&#8221;{}&#8221; parent_button=&#8221;off&#8221;]<\/p>\n<p><a href=\"https:\/\/www.samsunghealthcare.com\/fr\" target=\"_blank\" rel=\"noopener\">Samsung Healthcare<\/a> sera pr\u00e9sent dans la zone exposition<\/p>\n<p>[\/dsm_card_carousel_child][dsm_card_carousel_child title=&#8221;HOPI MEDICAL&#8221; image=&#8221;https:\/\/echoclinique.fr\/wp-content\/uploads\/2021\/12\/hopimedical.png&#8221; image_background_size=&#8221;contain&#8221; button_url_new_window=&#8221;1&#8243; _builder_version=&#8221;4.16&#8243; _module_preset=&#8221;default&#8221; global_colors_info=&#8221;{}&#8221; parent_button=&#8221;off&#8221;]<\/p>\n<p><a href=\"https:\/\/hopimedical.com\" target=\"_blank\" rel=\"noopener\" title=\"HOPI Medical\">HOPI MEDICAL<\/a> sera pr\u00e9sent dans la zone exposition<\/p>\n<p>[\/dsm_card_carousel_child][dsm_card_carousel_child title=&#8221;Sonoscanner&#8221; image=&#8221;https:\/\/echoclinique.fr\/wp-content\/uploads\/2021\/12\/Sonoscanner.png&#8221; image_background_size=&#8221;contain&#8221; button_url_new_window=&#8221;1&#8243; _builder_version=&#8221;4.16&#8243; _module_preset=&#8221;default&#8221; global_colors_info=&#8221;{}&#8221; parent_button=&#8221;off&#8221;]<\/p>\n<p><a href=\"https:\/\/www.sonoscanner.com\" target=\"_blank\" rel=\"noopener\">Sonoscanner<\/a> sera pr\u00e9sent dans la zone exposition<\/p>\n<p>[\/dsm_card_carousel_child][dsm_card_carousel_child title=&#8221;Centr&#8217;echo&#8221; image=&#8221;https:\/\/echoclinique.fr\/wp-content\/uploads\/2022\/04\/centrecho.png&#8221; image_background_size=&#8221;contain&#8221; button_url_new_window=&#8221;1&#8243; _builder_version=&#8221;4.16&#8243; _module_preset=&#8221;default&#8221; global_colors_info=&#8221;{}&#8221; parent_button=&#8221;off&#8221;]<\/p>\n<p><a href=\"http:\/\/www.centrecho.com\" target=\"_blank\" rel=\"noopener\">Centr&#8217;echo<\/a> sera pr\u00e9sent dans la zone exposition<\/p>\n<p>[\/dsm_card_carousel_child][dsm_card_carousel_child title=&#8221;Apicrypt&#8221; image=&#8221;https:\/\/echoclinique.fr\/wp-content\/uploads\/2022\/04\/logo_APICrypt.png&#8221; image_background_size=&#8221;contain&#8221; button_url_new_window=&#8221;1&#8243; _builder_version=&#8221;4.16&#8243; _module_preset=&#8221;default&#8221; global_colors_info=&#8221;{}&#8221; parent_button=&#8221;off&#8221;]<\/p>\n<p><a href=\"https:\/\/www.apicrypt.org\" target=\"_blank\" rel=\"noopener\">Apicrypt<\/a> sera pr\u00e9sent dans la zone exposition<\/p>\n<p>[\/dsm_card_carousel_child][dsm_card_carousel_child title=&#8221;LSO Medical&#8221; image=&#8221;https:\/\/echoclinique.fr\/wp-content\/uploads\/2022\/04\/logo_lso_medical.jpg&#8221; image_background_size=&#8221;contain&#8221; button_url_new_window=&#8221;1&#8243; _builder_version=&#8221;4.16&#8243; _module_preset=&#8221;default&#8221; global_colors_info=&#8221;{}&#8221; parent_button=&#8221;off&#8221;]<\/p>\n<p><a href=\"https:\/\/www.apicrypt.org\" target=\"_blank\" rel=\"noopener\"><\/a><a href=\"https:\/\/lsomedical.com\/fr\">LSO Medical<\/a> sera pr\u00e9sent dans la zone exposition<\/p>\n<p>[\/dsm_card_carousel_child][dsm_card_carousel_child title=&#8221;InSimo&#8221; image=&#8221;https:\/\/echoclinique.fr\/wp-content\/uploads\/2022\/05\/INSIMO-LOGO-SLOGAN-RECTANGLE-BGWHITE-e1426459310220.png&#8221; image_background_size=&#8221;contain&#8221; button_url_new_window=&#8221;1&#8243; _builder_version=&#8221;4.16&#8243; _module_preset=&#8221;default&#8221; global_colors_info=&#8221;{}&#8221; parent_button=&#8221;off&#8221;]<\/p>\n<p><a href=\"https:\/\/www.insimo.com\" target=\"_blank\" rel=\"noopener\">InSimo<\/a> sera pr\u00e9sent dans la zone exposition<\/p>\n<p>[\/dsm_card_carousel_child][dsm_card_carousel_child title=&#8221;Schiller&#8221; image=&#8221;https:\/\/echoclinique.fr\/wp-content\/uploads\/2022\/05\/logo_Schiller-copie.jpg&#8221; image_background_size=&#8221;contain&#8221; button_url_new_window=&#8221;1&#8243; _builder_version=&#8221;4.16&#8243; _module_preset=&#8221;default&#8221; global_colors_info=&#8221;{}&#8221; parent_button=&#8221;off&#8221;]<\/p>\n<p><a href=\"https:\/\/www.schiller.ch\/fr-fr\" target=\"_blank\" rel=\"noopener\">Schiller<\/a> sera pr\u00e9sent dans la zone d&#8217;exposition<\/p>\n<p>[\/dsm_card_carousel_child][dsm_card_carousel_child title=&#8221;MonEcho&#8221; image=&#8221;https:\/\/echoclinique.fr\/wp-content\/uploads\/2022\/05\/monecho-logo.png&#8221; image_background_size=&#8221;contain&#8221; button_url_new_window=&#8221;1&#8243; _builder_version=&#8221;4.16&#8243; _module_preset=&#8221;default&#8221; global_colors_info=&#8221;{}&#8221; parent_button=&#8221;off&#8221;]<\/p>\n<p><a href=\"https:\/\/www.monecho.com\" target=\"_blank\" rel=\"noopener\">MonEcho<\/a> sera pr\u00e9sent dans la zone d&#8217;exposition<\/p>\n<p>[\/dsm_card_carousel_child][\/dsm_card_carousel][\/et_pb_column][\/et_pb_row][et_pb_row disabled_on=&#8221;off|off|off&#8221; _builder_version=&#8221;4.20.1&#8243; _module_preset=&#8221;default&#8221; global_colors_info=&#8221;{}&#8221;][et_pb_column type=&#8221;4_4&#8243; _builder_version=&#8221;4.16&#8243; _module_preset=&#8221;default&#8221; global_colors_info=&#8221;{}&#8221;][dsm_card_carousel _builder_version=&#8221;4.20.1&#8243; _module_preset=&#8221;default&#8221; global_colors_info=&#8221;{}&#8221;][dsm_card_carousel_child title=&#8221;GE Healthcare&#8221; image=&#8221;https:\/\/echoclinique.fr\/wp-content\/uploads\/2021\/11\/logo-GE-Healthcare.jpg&#8221; image_background_size=&#8221;contain&#8221; button_url_new_window=&#8221;1&#8243; _builder_version=&#8221;4.20.1&#8243; _module_preset=&#8221;default&#8221; global_colors_info=&#8221;{}&#8221; parent_button=&#8221;off&#8221;]<\/p>\n<p><a href=\"https:\/\/www.gehealthcare.fr\" target=\"_blank\" rel=\"noopener\">GE Healthcare<\/a> sera pr\u00e9sent dans la zone exposition par l&#8217;interm\u00e9diaire \u00a0d&#8217;<a href=\"https:\/\/imt-distribution.com\" target=\"_blank\" rel=\"noopener\" title=\"IMT Distribution\">IMT Distribution<\/a><\/p>\n<p>[\/dsm_card_carousel_child][dsm_card_carousel_child title=&#8221;France Imagerie M\u00e9dicale&#8221; image=&#8221;https:\/\/echoclinique.fr\/wp-content\/uploads\/2023\/11\/Logo-FIM.png&#8221; image_background_size=&#8221;contain&#8221; alt=&#8221;Logo FIM&#8221; button_url_new_window=&#8221;1&#8243; _builder_version=&#8221;4.20.1&#8243; _module_preset=&#8221;default&#8221; global_colors_info=&#8221;{}&#8221; parent_button=&#8221;off&#8221;]<\/p>\n<p><a href=\"https:\/\/www.france-imageriemedicale.fr\" target=\"_blank\" rel=\"noopener\">France Imagerie M\u00e9dicale (FIM)<\/a> sera pr\u00e9sent dans la zone exposition<\/p>\n<p>[\/dsm_card_carousel_child][dsm_card_carousel_child title=&#8221;Samsung Healthcare&#8221; image=&#8221;https:\/\/echoclinique.fr\/wp-content\/uploads\/2021\/11\/logo-samsung-copie.png&#8221; image_background_size=&#8221;contain&#8221; button_url_new_window=&#8221;1&#8243; _builder_version=&#8221;4.20.1&#8243; _module_preset=&#8221;default&#8221; global_colors_info=&#8221;{}&#8221; parent_button=&#8221;off&#8221;]<\/p>\n<p><a href=\"https:\/\/www.samsunghealthcare.com\/fr\" target=\"_blank\" rel=\"noopener\">Samsung Healthcare<\/a> sera pr\u00e9sent dans la zone exposition par l&#8217;interm\u00e9diaire d&#8217;<a href=\"https:\/\/isonic.fr\" target=\"_blank\" rel=\"noopener\" title=\"iSonic\">iSonic<\/a><\/p>\n<p>[\/dsm_card_carousel_child][dsm_card_carousel_child title=&#8221;InSimo&#8221; image=&#8221;https:\/\/echoclinique.fr\/wp-content\/uploads\/2022\/05\/INSIMO-LOGO-SLOGAN-RECTANGLE-BGWHITE-e1426459310220.png&#8221; image_background_size=&#8221;contain&#8221; button_url_new_window=&#8221;1&#8243; _builder_version=&#8221;4.16&#8243; _module_preset=&#8221;default&#8221; global_colors_info=&#8221;{}&#8221; parent_button=&#8221;off&#8221;]<\/p>\n<p><a href=\"https:\/\/www.insimo.com\" target=\"_blank\" rel=\"noopener\">InSimo<\/a> sera pr\u00e9sent dans la zone exposition<\/p>\n<p>[\/dsm_card_carousel_child][dsm_card_carousel_child title=&#8221;MonEcho&#8221; image=&#8221;https:\/\/echoclinique.fr\/wp-content\/uploads\/2023\/12\/Capture-decran-2023-12-09-a-10.03.22.png&#8221; image_background_size=&#8221;contain&#8221; alt=&#8221;MonEcho logo&#8221; button_url_new_window=&#8221;1&#8243; _builder_version=&#8221;4.20.1&#8243; _module_preset=&#8221;default&#8221; global_colors_info=&#8221;{}&#8221; parent_button=&#8221;off&#8221;]<\/p>\n<p><a href=\"https:\/\/www.monecho.com\" target=\"_blank\" rel=\"noopener\" title=\"MonEcho\">MonEcho<\/a> sera pr\u00e9sent dans la zone d&#8217;exposition<\/p>\n<p>[\/dsm_card_carousel_child][dsm_card_carousel_child title=&#8221;echOpen&#8221; image=&#8221;https:\/\/echoclinique.fr\/wp-content\/uploads\/2024\/01\/Capture-decran-2024-01-05-a-10.10.18.png&#8221; image_background_size=&#8221;contain&#8221; alt=&#8221;Logo echOpen&#8221; button_url_new_window=&#8221;1&#8243; _builder_version=&#8221;4.20.1&#8243; _module_preset=&#8221;default&#8221; global_colors_info=&#8221;{}&#8221; parent_button=&#8221;off&#8221;]<\/p>\n<p><a href=\"https:\/\/www.echopenfoundation.org\" target=\"_blank\" rel=\"noopener\" title=\"echOpen\">echOpen<\/a> sera pr\u00e9sents dans la zone exposition<\/p>\n<p>[\/dsm_card_carousel_child][\/dsm_card_carousel][\/et_pb_column][\/et_pb_row][\/et_pb_section][et_pb_section fb_built=&#8221;1&#8243; _builder_version=&#8221;4.16&#8243; _module_preset=&#8221;default&#8221; custom_padding=&#8221;||10px|||&#8221; global_colors_info=&#8221;{}&#8221;][et_pb_row _builder_version=&#8221;4.16&#8243; _module_preset=&#8221;default&#8221; global_colors_info=&#8221;{}&#8221;][et_pb_column type=&#8221;4_4&#8243; _builder_version=&#8221;4.16&#8243; _module_preset=&#8221;default&#8221; global_colors_info=&#8221;{}&#8221;][dsm_text_divider header=&#8221;Exposants&#8221; _builder_version=&#8221;4.16&#8243; _module_preset=&#8221;default&#8221; header_level=&#8221;h1&#8243; global_colors_info=&#8221;{}&#8221;][\/dsm_text_divider][\/et_pb_column][\/et_pb_row][\/et_pb_section][et_pb_section fb_built=&#8221;1&#8243; admin_label=&#8221;Hero Section&#8221; _builder_version=&#8221;4.16&#8243; custom_padding=&#8221;14px|0px|17px|0px||&#8221; global_colors_info=&#8221;{}&#8221;][et_pb_row _builder_version=&#8221;4.16&#8243; _module_preset=&#8221;default&#8221; global_colors_info=&#8221;{}&#8221;][et_pb_column type=&#8221;4_4&#8243; _builder_version=&#8221;4.16&#8243; _module_preset=&#8221;default&#8221; global_colors_info=&#8221;{}&#8221;][et_pb_text _builder_version=&#8221;4.16&#8243; _module_preset=&#8221;default&#8221; global_colors_info=&#8221;{}&#8221;]<\/p>\n<h1 style=\"text-align: left;\"><span style=\"color: #1a9799;\">Exposez votre <\/span><span style=\"color: #1a9799;\">savoir-faire<\/span><\/h1>\n<p>[\/et_pb_text][\/et_pb_column][\/et_pb_row][et_pb_row column_structure=&#8221;1_2,1_2&#8243; admin_label=&#8221;Accepts Payment everywhere&#8221; _builder_version=&#8221;4.16&#8243; background_size=&#8221;initial&#8221; background_position=&#8221;top_left&#8221; background_repeat=&#8221;repeat&#8221; custom_padding=&#8221;|||&#8221; global_colors_info=&#8221;{}&#8221;][et_pb_column type=&#8221;1_2&#8243; _builder_version=&#8221;4.16&#8243; custom_padding=&#8221;|||&#8221; global_colors_info=&#8221;{}&#8221; custom_padding__hover=&#8221;|||&#8221;][et_pb_text _builder_version=&#8221;4.16&#8243; text_font=&#8221;PT Sans||||||||&#8221; text_text_color=&#8221;#000000&#8243; text_font_size=&#8221;16px&#8221; text_line_height=&#8221;2em&#8221; header_font=&#8221;Poppins|500|||||||&#8221; header_font_size=&#8221;44px&#8221; header_line_height=&#8221;1.3em&#8221; header_2_font=&#8221;||||||||&#8221; header_3_font=&#8221;||||||||&#8221; header_4_font=&#8221;||||||||&#8221; background_layout=&#8221;dark&#8221; custom_margin=&#8221;|-10px||||&#8221; custom_padding=&#8221;|11px||15px||&#8221; global_colors_info=&#8221;{}&#8221;]<\/p>\n<p>Id\u00e9alement situ\u00e9e, la zone d&#8217;exposition vous permettra de mettre en avant votre savoir-faire, <span>d&#8217;\u00e9changer avec les praticiens participants au congr\u00e8s, et de leur pr\u00e9senter les derniers mat\u00e9riels utiles \u00e0 leur pratique.<\/span><\/p>\n<h3><span style=\"color: #969696;\">Zone Expo<\/span><\/h3>\n<ul>\n<li>20 stands \u00e9quip\u00e9s de 9 m<sup>2<\/sup><\/li>\n<li>Espace d&#8217;exposition s\u00e9curis\u00e9, situ\u00e9 \u00e0 proximit\u00e9<br \/>de l&#8217;accueil et des salles d&#8217;ateliers<\/li>\n<\/ul>\n<p>&nbsp;<\/p>\n<p>[\/et_pb_text][\/et_pb_column][et_pb_column type=&#8221;1_2&#8243; _builder_version=&#8221;4.16&#8243; background_blend=&#8221;overlay&#8221; custom_padding=&#8221;|||&#8221; global_colors_info=&#8221;{}&#8221; custom_padding__hover=&#8221;|||&#8221;][et_pb_image src=&#8221;https:\/\/echoclinique.fr\/wp-content\/uploads\/2021\/07\/AdobeStock_13148580-scaled.jpeg&#8221; title_text=&#8221;Visitors passing by stands at exhibition&#8221; force_fullwidth=&#8221;on&#8221; _builder_version=&#8221;4.16&#8243; module_alignment=&#8221;left&#8221; animation_style=&#8221;slide&#8221; animation_direction=&#8221;top&#8221; animation_intensity_slide=&#8221;10%&#8221; always_center_on_mobile=&#8221;off&#8221; global_colors_info=&#8221;{}&#8221;][\/et_pb_image][\/et_pb_column][\/et_pb_row][\/et_pb_section][et_pb_section fb_built=&#8221;1&#8243; admin_label=&#8221;3 Cards Features&#8221; _builder_version=&#8221;4.16&#8243; background_color=&#8221;#1a9799&#8243; custom_padding=&#8221;100px|0px|34px|0px||&#8221; global_colors_info=&#8221;{}&#8221;][et_pb_row column_structure=&#8221;1_2,1_2&#8243; admin_label=&#8221;Sending Payments&#8221; _builder_version=&#8221;4.16&#8243; custom_margin=&#8221;|||&#8221; global_colors_info=&#8221;{}&#8221;][et_pb_column type=&#8221;1_2&#8243; _builder_version=&#8221;4.16&#8243; custom_padding=&#8221;|||&#8221; global_colors_info=&#8221;{}&#8221; custom_padding__hover=&#8221;|||&#8221;][et_pb_image src=&#8221;https:\/\/echoclinique.fr\/wp-content\/uploads\/2021\/07\/AdobeStock_155409373-scaled.jpeg&#8221; title_text=&#8221;Trade Fair Booth&#8221; align=&#8221;center&#8221; align_tablet=&#8221;center&#8221; align_phone=&#8221;&#8221; align_last_edited=&#8221;on|desktop&#8221; _builder_version=&#8221;4.16&#8243; animation_style=&#8221;slide&#8221; animation_direction=&#8221;bottom&#8221; animation_intensity_slide=&#8221;10%&#8221; global_colors_info=&#8221;{}&#8221;][\/et_pb_image][\/et_pb_column][et_pb_column type=&#8221;1_2&#8243; _builder_version=&#8221;4.16&#8243; custom_padding=&#8221;|||&#8221; global_colors_info=&#8221;{}&#8221; custom_padding__hover=&#8221;|||&#8221;][et_pb_text _builder_version=&#8221;4.16&#8243; text_font=&#8221;PT Sans||||||||&#8221; text_text_color=&#8221;rgba(255,255,255,0.7)&#8221; text_font_size=&#8221;16px&#8221; text_line_height=&#8221;2em&#8221; header_font=&#8221;||||||||&#8221; header_2_font=&#8221;Poppins|500|||||||&#8221; header_2_text_color=&#8221;#ffffff&#8221; header_2_font_size=&#8221;38px&#8221; header_2_line_height=&#8221;1.3em&#8221; header_3_font=&#8221;||||||||&#8221; header_4_font=&#8221;||||||||&#8221; global_colors_info=&#8221;{}&#8221;]<\/p>\n<h2>Le stand \u00e9quip\u00e9<\/h2>\n<ul>\n<li>1 espace de 9 m\u00b2 avec moquette<\/li>\n<li>2 ou 3 panneaux<\/li>\n<li>1 signal\u00e9tique haute double face<\/li>\n<li>Alimentation \u00e9lectrique : 3 kW (222V\/50Hz)<\/li>\n<li>1 barre \u00e0 3 lampes<\/li>\n<li>1 table et 3 chaises<\/li>\n<li>1 acc\u00e8s internet wifi<br \/><em>Toute fourniture additionnelle sera disponible \u00e0 votre charge<\/em><br \/><em>directement aupr\u00e8s de notre fournisseur<\/em><\/li>\n<\/ul>\n<p>[\/et_pb_text][dvmd_table_maker tbl_tcell_cell_align_horz=&#8221;center&#8221; tbl_tcell_cell_align_vert=&#8221;center&#8221; tbl_chead_cell_color=&#8221;#cd6834&#8243; tbl_rhead_cell_color=&#8221;#cd6834&#8243; disabled_on=&#8221;on|on|on&#8221; _builder_version=&#8221;4.16&#8243; _module_preset=&#8221;default&#8221; disabled=&#8221;on&#8221; global_colors_info=&#8221;{}&#8221;][dvmd_table_maker_item col_label=&#8221;type&#8221; col_content=&#8221;Choix du pack<br \/>\nTarif&#8221; _builder_version=&#8221;4.16&#8243; _module_preset=&#8221;default&#8221; global_colors_info=&#8221;{}&#8221;][\/dvmd_table_maker_item][dvmd_table_maker_item col_label=&#8221;Basique&#8221; col_content=&#8221;Basique : 1 stand<br \/>\n3900\u20ac + TVA 20%&#8221; _builder_version=&#8221;4.16&#8243; _module_preset=&#8221;default&#8221; global_colors_info=&#8221;{}&#8221;][\/dvmd_table_maker_item][dvmd_table_maker_item col_label=&#8221;Double : 2 stands&#8221; col_content=&#8221;Double : 2 stands<br \/>\n7000\u20ac + TVA 20%&#8221; _builder_version=&#8221;4.16&#8243; _module_preset=&#8221;default&#8221; global_colors_info=&#8221;{}&#8221;][\/dvmd_table_maker_item][\/dvmd_table_maker][\/et_pb_column][\/et_pb_row][et_pb_row _builder_version=&#8221;4.16&#8243; _module_preset=&#8221;default&#8221; global_colors_info=&#8221;{}&#8221;][et_pb_column type=&#8221;4_4&#8243; _builder_version=&#8221;4.16&#8243; _module_preset=&#8221;default&#8221; global_colors_info=&#8221;{}&#8221;][et_pb_text _builder_version=&#8221;4.16&#8243; _module_preset=&#8221;default&#8221; text_text_color=&#8221;#FFFFFF&#8221; text_font_size=&#8221;16px&#8221; global_colors_info=&#8221;{}&#8221;]<\/p>\n<p><strong>Exposants<\/strong> : contactez-nous \u00e0 <span style=\"color: #ffffff;\"><a href=\"mailto:contact@echoclinique.fr\" style=\"color: #ffffff;\">contact@echoclinique.fr<\/a>\u00a0<\/span>pour conna\u00eetre les conditions et r\u00e9server votre stand<span style=\"color: #ffffff;\"><\/span><\/p>\n<p>[\/et_pb_text][\/et_pb_column][\/et_pb_row][\/et_pb_section][et_pb_section fb_built=&#8221;1&#8243; _builder_version=&#8221;4.16&#8243; _module_preset=&#8221;default&#8221; global_colors_info=&#8221;{}&#8221;][\/et_pb_section][et_pb_section fb_built=&#8221;1&#8243; admin_label=&#8221;3 Cards Features&#8221; _builder_version=&#8221;4.16&#8243; background_color=&#8221;#1a9799&#8243; custom_padding=&#8221;100px|0px|34px|0px||&#8221; global_colors_info=&#8221;{}&#8221;][et_pb_row column_structure=&#8221;1_2,1_2&#8243; disabled_on=&#8221;on|on|on&#8221; admin_label=&#8221;Sending Payments&#8221; _builder_version=&#8221;4.16&#8243; custom_margin=&#8221;|||&#8221; disabled=&#8221;on&#8221; global_colors_info=&#8221;{}&#8221;][et_pb_column type=&#8221;1_2&#8243; _builder_version=&#8221;4.16&#8243; custom_padding=&#8221;|||&#8221; global_colors_info=&#8221;{}&#8221; custom_padding__hover=&#8221;|||&#8221;][et_pb_image src=&#8221;https:\/\/echoclinique.fr\/wp-content\/uploads\/2021\/07\/AdobeStock_134902506-scaled.jpeg&#8221; title_text=&#8221;stand&#8221; align=&#8221;center&#8221; align_tablet=&#8221;center&#8221; align_phone=&#8221;&#8221; align_last_edited=&#8221;on|desktop&#8221; _builder_version=&#8221;4.16&#8243; animation_style=&#8221;slide&#8221; animation_direction=&#8221;bottom&#8221; animation_intensity_slide=&#8221;10%&#8221; global_colors_info=&#8221;{}&#8221;][\/et_pb_image][\/et_pb_column][et_pb_column type=&#8221;1_2&#8243; _builder_version=&#8221;4.16&#8243; custom_padding=&#8221;|||&#8221; global_colors_info=&#8221;{}&#8221; custom_padding__hover=&#8221;|||&#8221;][et_pb_text _builder_version=&#8221;4.16&#8243; text_font=&#8221;PT Sans||||||||&#8221; text_text_color=&#8221;rgba(255,255,255,0.7)&#8221; text_font_size=&#8221;16px&#8221; text_line_height=&#8221;2em&#8221; header_font=&#8221;||||||||&#8221; header_2_font=&#8221;Poppins|500|||||||&#8221; header_2_text_color=&#8221;#ffffff&#8221; header_2_font_size=&#8221;38px&#8221; header_2_line_height=&#8221;1.3em&#8221; header_3_font=&#8221;||||||||&#8221; header_4_font=&#8221;||||||||&#8221; global_colors_info=&#8221;{}&#8221;]<\/p>\n<h2>Le stand \u00e9quip\u00e9<\/h2>\n<ul>\n<li>1 espace de 9 m\u00b2 avec moquette<\/li>\n<li>2 ou 3 panneaux<\/li>\n<li>1 signal\u00e9tique haute double face<\/li>\n<li>Alimentation \u00e9lectrique : 3 kW (222V\/50Hz)<\/li>\n<li>1 barre \u00e0 3 lampes<\/li>\n<li>1 table et 3 chaises<\/li>\n<li>1 acc\u00e8s internet wifi<br \/><em>Toute fourniture additionnelle sera disponible \u00e0 votre charge<\/em><br \/><em>directement aupr\u00e8s de notre fournisseur<\/em><\/li>\n<\/ul>\n<p>[\/et_pb_text][\/et_pb_column][\/et_pb_row][\/et_pb_section]<\/p>\n","protected":false},"excerpt":{"rendered":"<p><div class=\"et_pb_module dsm_text_divider dsm_text_divider_0\">\n\t\t\t\t\n\t\t\t\t\n\t\t\t\t\n\t\t\t\t\n\t\t\t\t\n\t\t\t\t\n\t\t\t\t<div class=\"et_pb_module_inner\">\n\t\t\t\t\t<div class=\"dsm-text-divider-wrapper dsm-text-divider-align-center et_pb_bg_layout_light\">\n\t\t\t\t\n\t\t\t\t\n\t\t\t\t<div class=\"dsm-text-divider-before dsm-divider\"><\/div>\n\t\t\t\t<h1 class=\"dsm-text-divider-header et_pb_module_header\"><span>Zone d'exposition<\/span><\/h1>\n\t\t\t\t<div class=\"dsm-text-divider-after dsm-divider\"><\/div>\n\t\t\t<\/div>\n\t\t\t\t<\/div>\n\t\t\t<\/div>Le plan de la zone d&#8217;exposition sera r\u00e9guli\u00e8rement mis \u00e0 jour pour vous indiquer les emplacements des diff\u00e9rents exposants et les d\u00e9tails de ce [&hellip;]<\/p>\n","protected":false},"author":1,"featured_media":0,"parent":0,"menu_order":0,"comment_status":"closed","ping_status":"closed","template":"","meta":{"_et_pb_use_builder":"on","_et_pb_old_content":"","_et_gb_content_width":"","ngg_post_thumbnail":0},"_links":{"self":[{"href":"https:\/\/echoclinique.fr\/index.php\/wp-json\/wp\/v2\/pages\/229815"}],"collection":[{"href":"https:\/\/echoclinique.fr\/index.php\/wp-json\/wp\/v2\/pages"}],"about":[{"href":"https:\/\/echoclinique.fr\/index.php\/wp-json\/wp\/v2\/types\/page"}],"author":[{"embeddable":true,"href":"https:\/\/echoclinique.fr\/index.php\/wp-json\/wp\/v2\/users\/1"}],"replies":[{"embeddable":true,"href":"https:\/\/echoclinique.fr\/index.php\/wp-json\/wp\/v2\/comments?post=229815"}],"version-history":[{"count":60,"href":"https:\/\/echoclinique.fr\/index.php\/wp-json\/wp\/v2\/pages\/229815\/revisions"}],"predecessor-version":[{"id":231818,"href":"https:\/\/echoclinique.fr\/index.php\/wp-json\/wp\/v2\/pages\/229815\/revisions\/231818"}],"wp:attachment":[{"href":"https:\/\/echoclinique.fr\/index.php\/wp-json\/wp\/v2\/media?parent=229815"}],"curies":[{"name":"wp","href":"https:\/\/api.w.org\/{rel}","templated":true}]}}